{"id":104,"date":"2020-12-12T11:25:32","date_gmt":"2020-12-12T11:25:32","guid":{"rendered":"http:\/\/www.jamidrivers.fi\/?page_id=104"},"modified":"2024-11-02T18:53:26","modified_gmt":"2024-11-02T18:53:26","slug":"henkiloautokurssi-2","status":"publish","type":"page","link":"http:\/\/www.jamidrivers.fi\/?page_id=104","title":{"rendered":"HENKIL\u00d6AUTOKURSSIT"},"content":{"rendered":"<div class=\"wp-block-image is-style-rounded\">\n<figure class=\"aligncenter is-resized\"><img loading=\"lazy\" src=\"https:\/\/image.shutterstock.com\/z\/stock-photo-cartoon-illustration-of-a-man-driving-a-car-136905053.jpg\" alt=\"Cartoon Illustration Man Driving Car arkistokuvitus 136905053\" width=\"371\" height=\"242\"\/><\/figure><\/div>\n\n\n<h2 class=\"has-text-align-center has-black-color has-text-color has-background\" style=\"background-color:#27f90f;font-size:21px\">Henkil\u00f6autokurssi \/ KEVYT<\/h2>\n\n\n\n<p class=\"has-text-align-center has-medium-font-size\"><strong>Suosittelemme t\u00e4t\u00e4 pakettia, jos sinulla on aikaisempaa kokemusta ajoneuvolla ajamisesta, ja osaat k\u00e4sitell\u00e4 autoa sujuvasti.<\/strong><\/p>\n\n\n\n<ul><li>14 ajotuntia ( V\u00e4hint\u00e4\u00e4n 12h oikealla autolla. 2 simulaattorilla &#8211; pime\u00e4- ja liukasajo) \/ LAKIS\u00c4\u00c4TEINEN MINIMI<\/li><li>Ajotuntien aloitus joustavasti sovitusta l\u00e4ht\u00f6pisteest\u00e4<\/li><li>Ajoneuvon k\u00e4ytt\u00f6 ensimm\u00e4isess\u00e4 ajokokeessa<\/li><li>Lisenssi s\u00e4hk\u00f6iseen oppimateriaaliin sek\u00e4 teoriakoe harjoitteluohjelmaan<\/li><\/ul>\n\n\n\n<p class=\"has-text-align-center has-medium-font-size\">Hinta: 1315 \u20ac <a rel=\"noreferrer noopener\" href=\"https:\/\/kuljettajaopetus.fi\/autokoulujhyvonen\" data-type=\"URL\" data-id=\"https:\/\/kuljettajaopetus.fi\/autokoulujhyvonen\" target=\"_blank\">ILMOITTAUDU<\/a><\/p>\n\n\n\n<hr class=\"wp-block-separator has-css-opacity is-style-wide\"\/>\n\n\n\n<h2 class=\"has-text-align-center has-black-color has-text-color has-background\" style=\"background-color:#27f90f;font-size:21px\">Henkil\u00f6autokurssi +<\/h2>\n\n\n\n<p class=\"has-text-align-center has-medium-font-size\"><strong>Suosittelemme t\u00e4t\u00e4 pakettia, jos sinulla on v\u00e4h\u00e4n tai ei yht\u00e4\u00e4n aikaisempaa kokemusta ajoneuvolla ajamisesta.<\/strong><\/p>\n\n\n\n<ul><li>8 teoriatuntia netiss\u00e4<\/li><li>18 ajotuntia ( 16h  autolla. 2 h simulaattorilla &#8211; pime\u00e4- ja liukasajo )<\/li><li>Ajotuntien aloitus joustavasti sovitusta l\u00e4ht\u00f6pisteest\u00e4<\/li><li>Ajoneuvon k\u00e4ytt\u00f6 ensimm\u00e4isess\u00e4 ajokokeessa<\/li><li>Lisenssi s\u00e4hk\u00f6iseen oppimateriaaliin sek\u00e4 teoriakoe harjoitteluohjelmaan<\/li><\/ul>\n\n\n\n<p class=\"has-text-align-center has-medium-font-size\">Hinta: 1580 \u20ac <a rel=\"noreferrer noopener\" href=\"https:\/\/kuljettajaopetus.fi\/autokoulujhyvonen\" data-type=\"URL\" data-id=\"https:\/\/kuljettajaopetus.fi\/autokoulujhyvonen\" target=\"_blank\">ILMOITTAUDU<\/a><\/p>\n\n\n\n<p class=\"has-black-color has-text-color has-background has-medium-font-size\" style=\"background-color:#27f90f\">SVEA rahoituksella saat tarvittaessa joustoa ajokortin hankintaan. Voit valita maksutavan ilmoittautumisen yhteydess\u00e4.<\/p>\n\n\n\n<p><\/p>\n\n\n\n<h2 class=\"has-text-align-center\"><\/h2>\n\n\n\n<p><\/p>\n\n\n\n<p>OPETUSLUPAKURSSIT  l\u00f6yd\u00e4t &#8221;Ilmoittautuminen&#8221; sivulta<\/p>\n\n\n\n<p class=\"has-text-align-center has-medium-font-size\"><\/p>\n\n\n\n<h2><\/h2>\n\n\n\n<p class=\"has-text-align-center has-medium-font-size\"><\/p>\n\n\n\n<p style=\"font-size:2px\">Voit<\/p>\n\n\n\n<hr class=\"wp-block-separator has-css-opacity is-style-wide\"\/>\n\n\n<div class=\"wp-block-image is-style-rounded\">\n<figure class=\"aligncenter size-large\"><img loading=\"lazy\" width=\"250\" height=\"250\" src=\"http:\/\/www.jamidrivers.fi\/wp-content\/uploads\/2020\/12\/cropped-IMG-20201211-WA0088-2.jpg\" alt=\"\" class=\"wp-image-55\" srcset=\"http:\/\/www.jamidrivers.fi\/wp-content\/uploads\/2020\/12\/cropped-IMG-20201211-WA0088-2.jpg 250w, http:\/\/www.jamidrivers.fi\/wp-content\/uploads\/2020\/12\/cropped-IMG-20201211-WA0088-2-150x150.jpg 150w\" sizes=\"(max-width: 250px) 100vw, 250px\" \/><\/figure><\/div>\n\n\n<p class=\"has-text-align-center\"><strong>Jarmo (Jami) Hyv\u00f6nen: 050-5662002<\/strong><\/p>\n\n\n\n<p><\/p>\n","protected":false},"excerpt":{"rendered":"<p>Henkil\u00f6autokurssi \/ KEVYT Suosittelemme t\u00e4t\u00e4 pakettia, jos sinulla on aikaisempaa kokemusta ajoneuvolla ajamisesta, ja osaat k\u00e4sitell\u00e4 autoa sujuvasti. 14 ajotuntia ( V\u00e4hint\u00e4\u00e4n 12h oikealla autolla. 2 simulaattorilla &#8211; pime\u00e4- ja liukasajo) \/ LAKIS\u00c4\u00c4TEINEN MINIMI Ajotuntien aloitus joustavasti sovitusta l\u00e4ht\u00f6pisteest\u00e4 Ajoneuvon k\u00e4ytt\u00f6 ensimm\u00e4isess\u00e4 ajokokeessa Lisenssi s\u00e4hk\u00f6iseen oppimateriaaliin sek\u00e4 teoriakoe harjoitteluohjelmaan Hinta:<span class=\"more-link\"><a href=\"http:\/\/www.jamidrivers.fi\/?page_id=104\">Continue Reading<\/a><\/span><\/p>\n","protected":false},"author":1,"featured_media":0,"parent":0,"menu_order":1,"comment_status":"closed","ping_status":"closed","template":"","meta":[],"_links":{"self":[{"href":"http:\/\/www.jamidrivers.fi\/index.php?rest_route=\/wp\/v2\/pages\/104"}],"collection":[{"href":"http:\/\/www.jamidrivers.fi\/index.php?rest_route=\/wp\/v2\/pages"}],"about":[{"href":"http:\/\/www.jamidrivers.fi\/index.php?rest_route=\/wp\/v2\/types\/page"}],"author":[{"embeddable":true,"href":"http:\/\/www.jamidrivers.fi\/index.php?rest_route=\/wp\/v2\/users\/1"}],"replies":[{"embeddable":true,"href":"http:\/\/www.jamidrivers.fi\/index.php?rest_route=%2Fwp%2Fv2%2Fcomments&post=104"}],"version-history":[{"count":96,"href":"http:\/\/www.jamidrivers.fi\/index.php?rest_route=\/wp\/v2\/pages\/104\/revisions"}],"predecessor-version":[{"id":664,"href":"http:\/\/www.jamidrivers.fi\/index.php?rest_route=\/wp\/v2\/pages\/104\/revisions\/664"}],"wp:attachment":[{"href":"http:\/\/www.jamidrivers.fi\/index.php?rest_route=%2Fwp%2Fv2%2Fmedia&parent=104"}],"curies":[{"name":"wp","href":"https:\/\/api.w.org\/{rel}","templated":true}]}}