{"id":105,"date":"2020-12-12T11:25:32","date_gmt":"2020-12-12T11:25:32","guid":{"rendered":"http:\/\/www.jamidrivers.fi\/?page_id=105"},"modified":"2022-09-05T16:02:22","modified_gmt":"2022-09-05T16:02:22","slug":"mopokurssit-2","status":"publish","type":"page","link":"http:\/\/www.jamidrivers.fi\/?page_id=105","title":{"rendered":"MOPOKURSSIT"},"content":{"rendered":"\n<div class=\"wp-block-image is-style-rounded\"><figure class=\"aligncenter is-resized\"><img loading=\"lazy\" src=\"https:\/\/thumbs.dreamstime.com\/z\/man-riding-scooter-cartoon-full-color-72858498.jpg\" alt=\"A Man Riding A Scooter Cartoon Stock Vector - Illustration of nostalgia,  classic: 72858498\" width=\"267\" height=\"286\"\/><\/figure><\/div>\n\n\n\n<p class=\"has-text-align-center has-medium-font-size\">Mopokortin saamiseksi sinun tulee suorittaa teoriakoe sek\u00e4 k\u00e4sittelykoe. Perus kurssipakettimme sis\u00e4lt\u00e4\u00e4 teoriakoeharjoitteluohjelman sek\u00e4 ensimm\u00e4ist\u00e4 ajokorttia suorittaville pakolliset EAS- teoriatunnit (4h). Teoriatunnit voit suorittaa k\u00e4tev\u00e4sti verkossa.<\/p>\n\n\n\n<p class=\"has-text-align-center has-medium-font-size\">Ajotunnit eiv\u00e4t mopokorttia suorittaessa ole pakollisia, mutta suosittelemme niiden ajamista ennen k\u00e4sittelykoetta.&nbsp;<\/p>\n\n\n\n<p class=\"has-text-align-center has-medium-font-size\">Ajotunneilla opettelemme mopon k\u00e4sittelyn siten, ett\u00e4 osaat k\u00e4sitell\u00e4 sit\u00e4 normaaleissa liikennetilanteissa, sek\u00e4 vaaratilanteissa. Mopon k\u00e4sittelykokeeseen kuuluu kolme teht\u00e4v\u00e4\u00e4: hidasajo, tehojarrutus, sek\u00e4 kaarreajo.&nbsp;<\/p>\n\n\n\n<p class=\"has-text-align-center has-medium-font-size\">Muilla ajotunneilla ( Varmakurssilla 495 \u20ac ) k\u00e4ymme l\u00e4pi toimintaa normaaleissa liikennetilanteissa. P\u00e4\u00e4set siten soveltamaan teoriassa opeteltuja asioita k\u00e4yt\u00e4nn\u00f6ss\u00e4.<\/p>\n\n\n\n<p class=\"has-text-align-center has-medium-font-size\">&nbsp;<\/p>\n\n\n\n<p>        <\/p>\n\n\n\n<p class=\"has-text-align-center has-medium-font-size\"><strong>Mopokortti on kuljettajalle usein se ensimm\u00e4inen ajokortti. T\u00e4m\u00e4n vuoksi perusteiden oppiminen oikein on ensiarvoisen t\u00e4rke\u00e4\u00e4.<\/strong><\/p>\n\n\n\n<h2 class=\"has-text-align-center has-black-color has-text-color has-background\" style=\"background-color:#27f90f;font-size:21px\">Mopokurssi \/ KEVYT<\/h2>\n\n\n\n<h2><\/h2>\n\n\n\n<ul id=\"block-405f58ee-943e-4ef5-92cc-078a3834c23c\"><li>4 teoriatuntia netiss\u00e4<\/li><li>Netreeni  teoriakoeharjoitus<\/li><li>1 ajotunti (mopon k\u00e4sittely)<\/li><li>mopon k\u00e4ytt\u00f6 ensimm\u00e4isess\u00e4 k\u00e4sittelykokeessa<\/li><\/ul>\n\n\n\n<p class=\"has-text-align-center has-medium-font-size\">Hinta: 205 \u20ac <a rel=\"noreferrer noopener\" href=\"https:\/\/kuljettajaopetus.fi\/autokoulujhyvonen\" data-type=\"URL\" data-id=\"https:\/\/kuljettajaopetus.fi\/autokoulujhyvonen\" target=\"_blank\">Ilmoittaudu<\/a><\/p>\n\n\n\n<h2 class=\"has-text-align-center has-background\" style=\"background-color:#27f90f;font-size:21px\">Mopokurssi \/ PERUS<\/h2>\n\n\n\n<ul id=\"block-061c511c-4efc-4b2a-a3d1-02a53c4a2d5f\"><li>4 teoriatuntia netiss\u00e4<\/li><li>3 ajotuntia (k\u00e4sittely ja taajama-ajo)<\/li><li>mopon k\u00e4ytt\u00f6 ensimm\u00e4isess\u00e4 k\u00e4sittelykokeessa<\/li><li>lisenssi s\u00e4hk\u00f6iseen oppimisymp\u00e4rist\u00f6\u00f6n (sis. oppikirjan ja teht\u00e4v\u00e4t)<\/li><li>ajovarusteet ajotunneilla ja  kokeessa sek\u00e4 kuljetus Iisalmeen ja takaisin<\/li><li>Traktorikortin materiaali tarvittaessa.<\/li><\/ul>\n\n\n\n<p class=\"has-text-align-center has-medium-font-size\">Hinta:295 \u20ac <a rel=\"noreferrer noopener\" href=\"https:\/\/kuljettajaopetus.fi\/autokoulujhyvonen\" data-type=\"URL\" data-id=\"https:\/\/kuljettajaopetus.fi\/autokoulujhyvonen\" target=\"_blank\">Ilmoittaudu<\/a><\/p>\n\n\n\n<hr class=\"wp-block-separator is-style-wide\"\/>\n\n\n\n<h2>Mopokurssi \/ VARMA  Hinta 495\u20ac \/ Lis\u00e4tietoa Jarmolta<\/h2>\n\n\n\n<p><\/p>\n\n\n\n<div class=\"wp-block-image is-style-rounded\"><figure class=\"aligncenter size-large\"><img loading=\"lazy\" width=\"250\" height=\"250\" src=\"http:\/\/www.jamidrivers.fi\/wp-content\/uploads\/2020\/12\/cropped-IMG-20201211-WA0088-2.jpg\" alt=\"\" class=\"wp-image-55\" srcset=\"http:\/\/www.jamidrivers.fi\/wp-content\/uploads\/2020\/12\/cropped-IMG-20201211-WA0088-2.jpg 250w, http:\/\/www.jamidrivers.fi\/wp-content\/uploads\/2020\/12\/cropped-IMG-20201211-WA0088-2-150x150.jpg 150w\" sizes=\"(max-width: 250px) 100vw, 250px\" \/><\/figure><\/div>\n\n\n\n<p class=\"has-text-align-center\"><strong>Jarmo (Jami) Hyv\u00f6nen: 050-5662002<\/strong><\/p>\n","protected":false},"excerpt":{"rendered":"<p>Mopokortin saamiseksi sinun tulee suorittaa teoriakoe sek\u00e4 k\u00e4sittelykoe. Perus kurssipakettimme sis\u00e4lt\u00e4\u00e4 teoriakoeharjoitteluohjelman sek\u00e4 ensimm\u00e4ist\u00e4 ajokorttia suorittaville pakolliset EAS- teoriatunnit (4h). Teoriatunnit voit suorittaa k\u00e4tev\u00e4sti verkossa. Ajotunnit eiv\u00e4t mopokorttia suorittaessa ole pakollisia, mutta suosittelemme niiden ajamista ennen k\u00e4sittelykoetta.&nbsp; Ajotunneilla opettelemme mopon k\u00e4sittelyn siten, ett\u00e4 osaat k\u00e4sitell\u00e4 sit\u00e4 normaaleissa liikennetilanteissa, sek\u00e4 vaaratilanteissa.<span class=\"more-link\"><a href=\"http:\/\/www.jamidrivers.fi\/?page_id=105\">Continue Reading<\/a><\/span><\/p>\n","protected":false},"author":1,"featured_media":0,"parent":0,"menu_order":2,"comment_status":"closed","ping_status":"closed","template":"","meta":[],"_links":{"self":[{"href":"http:\/\/www.jamidrivers.fi\/index.php?rest_route=\/wp\/v2\/pages\/105"}],"collection":[{"href":"http:\/\/www.jamidrivers.fi\/index.php?rest_route=\/wp\/v2\/pages"}],"about":[{"href":"http:\/\/www.jamidrivers.fi\/index.php?rest_route=\/wp\/v2\/types\/page"}],"author":[{"embeddable":true,"href":"http:\/\/www.jamidrivers.fi\/index.php?rest_route=\/wp\/v2\/users\/1"}],"replies":[{"embeddable":true,"href":"http:\/\/www.jamidrivers.fi\/index.php?rest_route=%2Fwp%2Fv2%2Fcomments&post=105"}],"version-history":[{"count":57,"href":"http:\/\/www.jamidrivers.fi\/index.php?rest_route=\/wp\/v2\/pages\/105\/revisions"}],"predecessor-version":[{"id":636,"href":"http:\/\/www.jamidrivers.fi\/index.php?rest_route=\/wp\/v2\/pages\/105\/revisions\/636"}],"wp:attachment":[{"href":"http:\/\/www.jamidrivers.fi\/index.php?rest_route=%2Fwp%2Fv2%2Fmedia&parent=105"}],"curies":[{"name":"wp","href":"https:\/\/api.w.org\/{rel}","templated":true}]}}