{"id":502,"date":"2021-01-02T13:59:02","date_gmt":"2021-01-02T13:59:02","guid":{"rendered":"http:\/\/www.jamidrivers.fi\/?page_id=502"},"modified":"2024-11-02T18:58:45","modified_gmt":"2024-11-02T18:58:45","slug":"traktorikurssi","status":"publish","type":"page","link":"http:\/\/www.jamidrivers.fi\/?page_id=502","title":{"rendered":"Traktorikurssi"},"content":{"rendered":"\n<h2 class=\"has-text-align-center has-background\" style=\"background-color:#27f90f;font-size:17px\"><strong>EAS-KURSSI, SEK\u00c4 TEORIAKOEHARJOITTELUOHJELMA<\/strong><\/h2>\n\n\n\n<p class=\"has-text-align-center\">Hinta:  99\u20ac <a href=\"https:\/\/kuljettajaopetus.fi\/autokoulujhyvonen\" data-type=\"URL\" data-id=\"https:\/\/kuljettajaopetus.fi\/autokoulujhyvonen\">Ilmoittaudu<\/a><\/p>\n\n\n\n<p class=\"has-text-align-center\">Traktorikortin saamiseksi sinun tulee suorittaa EAS-kurssi, sek\u00e4 teoriakoe.<\/p>\n\n\n\n<p class=\"has-text-align-center\">EAS (ensimm\u00e4isen ajokortin suorittajan teoriakurssi) sis\u00e4lt\u00e4\u00e4 nelj\u00e4 teoriatuntia, jotka voit suorittaa et\u00e4n\u00e4 mist\u00e4 ja milloin haluat. Voit harjoitella teoriakokeeseen k\u00e4tev\u00e4sti samalta sivulta, jossa suoritat teoriatunnit.<\/p>\n\n\n\n<p><\/p>\n","protected":false},"excerpt":{"rendered":"<p>EAS-KURSSI, SEK\u00c4 TEORIAKOEHARJOITTELUOHJELMA Hinta: 99\u20ac Ilmoittaudu Traktorikortin saamiseksi sinun tulee suorittaa EAS-kurssi, sek\u00e4 teoriakoe. EAS (ensimm\u00e4isen ajokortin suorittajan teoriakurssi) sis\u00e4lt\u00e4\u00e4 nelj\u00e4 teoriatuntia, jotka voit suorittaa et\u00e4n\u00e4 mist\u00e4 ja milloin haluat. Voit harjoitella teoriakokeeseen k\u00e4tev\u00e4sti samalta sivulta, jossa suoritat teoriatunnit.<span class=\"more-link\"><a href=\"http:\/\/www.jamidrivers.fi\/?page_id=502\">Continue Reading<\/a><\/span><\/p>\n","protected":false},"author":1,"featured_media":0,"parent":0,"menu_order":0,"comment_status":"closed","ping_status":"closed","template":"","meta":[],"_links":{"self":[{"href":"http:\/\/www.jamidrivers.fi\/index.php?rest_route=\/wp\/v2\/pages\/502"}],"collection":[{"href":"http:\/\/www.jamidrivers.fi\/index.php?rest_route=\/wp\/v2\/pages"}],"about":[{"href":"http:\/\/www.jamidrivers.fi\/index.php?rest_route=\/wp\/v2\/types\/page"}],"author":[{"embeddable":true,"href":"http:\/\/www.jamidrivers.fi\/index.php?rest_route=\/wp\/v2\/users\/1"}],"replies":[{"embeddable":true,"href":"http:\/\/www.jamidrivers.fi\/index.php?rest_route=%2Fwp%2Fv2%2Fcomments&post=502"}],"version-history":[{"count":3,"href":"http:\/\/www.jamidrivers.fi\/index.php?rest_route=\/wp\/v2\/pages\/502\/revisions"}],"predecessor-version":[{"id":665,"href":"http:\/\/www.jamidrivers.fi\/index.php?rest_route=\/wp\/v2\/pages\/502\/revisions\/665"}],"wp:attachment":[{"href":"http:\/\/www.jamidrivers.fi\/index.php?rest_route=%2Fwp%2Fv2%2Fmedia&parent=502"}],"curies":[{"name":"wp","href":"https:\/\/api.w.org\/{rel}","templated":true}]}}