{"id":606,"date":"2022-04-22T15:08:27","date_gmt":"2022-04-22T15:08:27","guid":{"rendered":"http:\/\/www.jamidrivers.fi\/?page_id=606"},"modified":"2022-10-31T12:18:12","modified_gmt":"2022-10-31T12:18:12","slug":"etusivu","status":"publish","type":"page","link":"http:\/\/www.jamidrivers.fi\/","title":{"rendered":"ETUSIVU"},"content":{"rendered":"\n<p class=\"has-text-align-center\"><strong>JAMI DRIVERS <mark style=\"background-color:rgba(0, 0, 0, 0)\" class=\"has-inline-color has-accent-color\">&#8211; Ajo-opetusta jo vuodesta 1995!<\/mark><\/strong><\/p>\n\n\n\n<figure class=\"wp-block-image size-large is-resized\"><img loading=\"lazy\" src=\"http:\/\/www.jamidrivers.fi\/wp-content\/uploads\/2022\/04\/Etusivu-1024x900.jpg\" alt=\"\" class=\"wp-image-612\" width=\"-2085\" height=\"-1830\" srcset=\"http:\/\/www.jamidrivers.fi\/wp-content\/uploads\/2022\/04\/Etusivu-1024x900.jpg 1024w, http:\/\/www.jamidrivers.fi\/wp-content\/uploads\/2022\/04\/Etusivu-300x264.jpg 300w, http:\/\/www.jamidrivers.fi\/wp-content\/uploads\/2022\/04\/Etusivu-768x675.jpg 768w, http:\/\/www.jamidrivers.fi\/wp-content\/uploads\/2022\/04\/Etusivu-1536x1350.jpg 1536w, http:\/\/www.jamidrivers.fi\/wp-content\/uploads\/2022\/04\/Etusivu-2048x1800.jpg 2048w, http:\/\/www.jamidrivers.fi\/wp-content\/uploads\/2022\/04\/Etusivu-465x409.jpg 465w, http:\/\/www.jamidrivers.fi\/wp-content\/uploads\/2022\/04\/Etusivu-569x500.jpg 569w\" sizes=\"(max-width: 1024px) 100vw, 1024px\" \/><\/figure>\n\n\n\n<p class=\"has-text-align-center\">Tervetuloa tutustumaan kotisivuillemme! T\u00e4\u00e4lt\u00e4 l\u00f6yd\u00e4t tietoa tarjoamistamme kursseista. Pitk\u00e4 kokemus liikenneopettajan ty\u00f6st\u00e4 takaa oppilaalle takuulla laadukkaan ja turvallisen opetuksen. My\u00f6s isommat korttiluokat mahdollisia erikseen sovittaessa.  Opetuslupakurssit l\u00f6ytyv\u00e4t osoitteesta: <a href=\"https:\/\/kuljettajaopetus.fi\/\/autokoulujhyvonen\" data-type=\"URL\" data-id=\"https:\/\/kuljettajaopetus.fi\/\/autokoulujhyvonen\">https:\/\/kuljettajaopetus.fi\/\/autokoulujhyvonen<\/a><\/p>\n\n\n\n<p><\/p>\n","protected":false},"excerpt":{"rendered":"<p>JAMI DRIVERS &#8211; Ajo-opetusta jo vuodesta 1995! Tervetuloa tutustumaan kotisivuillemme! T\u00e4\u00e4lt\u00e4 l\u00f6yd\u00e4t tietoa tarjoamistamme kursseista. Pitk\u00e4 kokemus liikenneopettajan ty\u00f6st\u00e4 takaa oppilaalle takuulla laadukkaan ja turvallisen opetuksen. My\u00f6s isommat korttiluokat mahdollisia erikseen sovittaessa. Opetuslupakurssit l\u00f6ytyv\u00e4t osoitteesta: https:\/\/kuljettajaopetus.fi\/\/autokoulujhyvonen<span class=\"more-link\"><a href=\"http:\/\/www.jamidrivers.fi\/\">Continue Reading<\/a><\/span><\/p>\n","protected":false},"author":1,"featured_media":382,"parent":0,"menu_order":0,"comment_status":"closed","ping_status":"closed","template":"","meta":[],"_links":{"self":[{"href":"http:\/\/www.jamidrivers.fi\/index.php?rest_route=\/wp\/v2\/pages\/606"}],"collection":[{"href":"http:\/\/www.jamidrivers.fi\/index.php?rest_route=\/wp\/v2\/pages"}],"about":[{"href":"http:\/\/www.jamidrivers.fi\/index.php?rest_route=\/wp\/v2\/types\/page"}],"author":[{"embeddable":true,"href":"http:\/\/www.jamidrivers.fi\/index.php?rest_route=\/wp\/v2\/users\/1"}],"replies":[{"embeddable":true,"href":"http:\/\/www.jamidrivers.fi\/index.php?rest_route=%2Fwp%2Fv2%2Fcomments&post=606"}],"version-history":[{"count":9,"href":"http:\/\/www.jamidrivers.fi\/index.php?rest_route=\/wp\/v2\/pages\/606\/revisions"}],"predecessor-version":[{"id":626,"href":"http:\/\/www.jamidrivers.fi\/index.php?rest_route=\/wp\/v2\/pages\/606\/revisions\/626"}],"wp:featuredmedia":[{"embeddable":true,"href":"http:\/\/www.jamidrivers.fi\/index.php?rest_route=\/wp\/v2\/media\/382"}],"wp:attachment":[{"href":"http:\/\/www.jamidrivers.fi\/index.php?rest_route=%2Fwp%2Fv2%2Fmedia&parent=606"}],"curies":[{"name":"wp","href":"https:\/\/api.w.org\/{rel}","templated":true}]}}