{"id":65,"date":"2020-12-11T17:42:06","date_gmt":"2020-12-11T17:42:06","guid":{"rendered":"http:\/\/www.jamidrivers.fi\/?page_id=65"},"modified":"2022-01-16T14:27:56","modified_gmt":"2022-01-16T14:27:56","slug":"ilmoittaudu","status":"publish","type":"page","link":"http:\/\/www.jamidrivers.fi\/?page_id=65","title":{"rendered":"ILMOITTAUDU"},"content":{"rendered":"\n<h4 class=\"has-text-align-center has-black-color has-text-color has-background\" style=\"background-color:#21ef2e\"><strong> TERVETULOA AJAMAAN KORTTI JOUSTAVASTI JA TURVALLISESTI!<\/strong><\/h4>\n\n\n\n<div class=\"wp-block-image\"><figure class=\"aligncenter size-large is-resized\"><img loading=\"lazy\" src=\"http:\/\/www.jamidrivers.fi\/wp-content\/uploads\/2020\/12\/shutterstock_515458912-1024x768.jpg\" alt=\"\" class=\"wp-image-338\" width=\"308\" height=\"231\" srcset=\"http:\/\/www.jamidrivers.fi\/wp-content\/uploads\/2020\/12\/shutterstock_515458912-1024x768.jpg 1024w, http:\/\/www.jamidrivers.fi\/wp-content\/uploads\/2020\/12\/shutterstock_515458912-300x225.jpg 300w, http:\/\/www.jamidrivers.fi\/wp-content\/uploads\/2020\/12\/shutterstock_515458912-768x576.jpg 768w, http:\/\/www.jamidrivers.fi\/wp-content\/uploads\/2020\/12\/shutterstock_515458912-1536x1152.jpg 1536w, http:\/\/www.jamidrivers.fi\/wp-content\/uploads\/2020\/12\/shutterstock_515458912-2048x1536.jpg 2048w, http:\/\/www.jamidrivers.fi\/wp-content\/uploads\/2020\/12\/shutterstock_515458912-465x349.jpg 465w, http:\/\/www.jamidrivers.fi\/wp-content\/uploads\/2020\/12\/shutterstock_515458912-667x500.jpg 667w\" sizes=\"(max-width: 308px) 100vw, 308px\" \/><\/figure><\/div>\n\n\n\n<h4 class=\"has-text-align-center\"><strong>Voit ilmoittautua kursseillemme sivustolla<\/strong>. Osoite alla. L\u00f6yd\u00e4t kurssin samalla nimell\u00e4 alalaatikosta.<\/h4>\n\n\n\n<p class=\"has-white-background-color has-background has-medium-font-size\"><a href=\"https:\/\/kuljettajaopetus.fi\/autokoulujhyvonen\" data-type=\"URL\" data-id=\"https:\/\/kuljettajaopetus.fi\/autokoulujhyvonen\"><strong>www.kuljettajaopetus.fi\/autokoulujhyvonen<\/strong><\/a><\/p>\n\n\n\n<div class=\"wp-block-image is-style-rounded\"><figure class=\"aligncenter size-large\"><img loading=\"lazy\" width=\"250\" height=\"250\" src=\"http:\/\/www.jamidrivers.fi\/wp-content\/uploads\/2020\/12\/cropped-IMG-20201211-WA0088.jpg\" alt=\"\" class=\"wp-image-48\" srcset=\"http:\/\/www.jamidrivers.fi\/wp-content\/uploads\/2020\/12\/cropped-IMG-20201211-WA0088.jpg 250w, http:\/\/www.jamidrivers.fi\/wp-content\/uploads\/2020\/12\/cropped-IMG-20201211-WA0088-150x150.jpg 150w\" sizes=\"(max-width: 250px) 100vw, 250px\" \/><\/figure><\/div>\n\n\n\n<p class=\"has-text-align-center\"><strong>Jarmo (Jami) Hyv\u00f6nen: 050-5662002<\/strong><\/p>\n","protected":false},"excerpt":{"rendered":"<p>TERVETULOA AJAMAAN KORTTI JOUSTAVASTI JA TURVALLISESTI! Voit ilmoittautua kursseillemme sivustolla. Osoite alla. L\u00f6yd\u00e4t kurssin samalla nimell\u00e4 alalaatikosta. www.kuljettajaopetus.fi\/autokoulujhyvonen Jarmo (Jami) Hyv\u00f6nen: 050-5662002<span class=\"more-link\"><a href=\"http:\/\/www.jamidrivers.fi\/?page_id=65\">Continue Reading<\/a><\/span><\/p>\n","protected":false},"author":1,"featured_media":0,"parent":0,"menu_order":0,"comment_status":"closed","ping_status":"closed","template":"","meta":[],"_links":{"self":[{"href":"http:\/\/www.jamidrivers.fi\/index.php?rest_route=\/wp\/v2\/pages\/65"}],"collection":[{"href":"http:\/\/www.jamidrivers.fi\/index.php?rest_route=\/wp\/v2\/pages"}],"about":[{"href":"http:\/\/www.jamidrivers.fi\/index.php?rest_route=\/wp\/v2\/types\/page"}],"author":[{"embeddable":true,"href":"http:\/\/www.jamidrivers.fi\/index.php?rest_route=\/wp\/v2\/users\/1"}],"replies":[{"embeddable":true,"href":"http:\/\/www.jamidrivers.fi\/index.php?rest_route=%2Fwp%2Fv2%2Fcomments&post=65"}],"version-history":[{"count":20,"href":"http:\/\/www.jamidrivers.fi\/index.php?rest_route=\/wp\/v2\/pages\/65\/revisions"}],"predecessor-version":[{"id":594,"href":"http:\/\/www.jamidrivers.fi\/index.php?rest_route=\/wp\/v2\/pages\/65\/revisions\/594"}],"wp:attachment":[{"href":"http:\/\/www.jamidrivers.fi\/index.php?rest_route=%2Fwp%2Fv2%2Fmedia&parent=65"}],"curies":[{"name":"wp","href":"https:\/\/api.w.org\/{rel}","templated":true}]}}