{"id":67,"date":"2020-12-11T17:42:26","date_gmt":"2020-12-11T17:42:26","guid":{"rendered":"http:\/\/www.jamidrivers.fi\/?page_id=67"},"modified":"2024-11-03T07:09:23","modified_gmt":"2024-11-03T07:09:23","slug":"kalusto","status":"publish","type":"page","link":"http:\/\/www.jamidrivers.fi\/?page_id=67","title":{"rendered":"KALUSTO"},"content":{"rendered":"\n<p class=\"has-text-align-center has-black-color has-text-color has-background has-medium-font-size\" style=\"background-color:#3aff1c\"><strong>KALUSTOESITTELY<\/strong><\/p>\n\n\n\n<p>Vw  Polo vm.2022<\/p>\n\n\n\n<p>Ajokorttiluokka: B<\/p>\n\n\n\n<p>Vaihteisto: Manuaali<\/p>\n\n\n\n<figure class=\"wp-block-image size-large is-resized\"><img loading=\"lazy\" src=\"http:\/\/www.jamidrivers.fi\/wp-content\/uploads\/2024\/11\/20241003_082636-768x1024.jpg\" alt=\"\" class=\"wp-image-674\" width=\"385\" height=\"510\"\/><\/figure>\n\n\n\n<hr class=\"wp-block-separator has-css-opacity is-style-wide\"\/>\n\n\n\n<p class=\"has-black-color has-text-color has-background has-small-font-size\" style=\"background-color:#3aff1c\"><strong>AJOSIMULAATTORI<\/strong><\/p>\n\n\n\n<p>Merkki: CSE<\/p>\n\n\n\n<p>Malli: DRIVE<\/p>\n\n\n\n<p>Ajokorttiluokka: B<\/p>\n\n\n\n<figure class=\"wp-block-image size-medium\"><img loading=\"lazy\" width=\"225\" height=\"300\" src=\"https:\/\/www.jamidrivers.fi\/wp-content\/uploads\/2020\/12\/image-7-225x300.png\" alt=\"\" class=\"wp-image-302\" srcset=\"http:\/\/www.jamidrivers.fi\/wp-content\/uploads\/2020\/12\/image-7-225x300.png 225w, http:\/\/www.jamidrivers.fi\/wp-content\/uploads\/2020\/12\/image-7-768x1024.png 768w, http:\/\/www.jamidrivers.fi\/wp-content\/uploads\/2020\/12\/image-7-1152x1536.png 1152w, http:\/\/www.jamidrivers.fi\/wp-content\/uploads\/2020\/12\/image-7-1536x2048.png 1536w, http:\/\/www.jamidrivers.fi\/wp-content\/uploads\/2020\/12\/image-7-413x550.png 413w, http:\/\/www.jamidrivers.fi\/wp-content\/uploads\/2020\/12\/image-7-375x500.png 375w\" sizes=\"(max-width: 225px) 100vw, 225px\" \/><\/figure>\n\n\n\n<p><\/p>\n\n\n\n<p><\/p>\n\n\n\n<p><\/p>\n\n\n\n<hr class=\"wp-block-separator has-css-opacity is-style-wide\"\/>\n\n\n\n<p class=\"has-black-color has-text-color has-background has-small-font-size\" style=\"background-color:#3aff1c\"><strong>MOOTTORIPY\u00d6R\u00c4<\/strong><\/p>\n\n\n\n<p>Merkki: Yamaha<\/p>\n\n\n\n<p>Malli: Diversion 600<\/p>\n\n\n\n<p>Ajokorttiluokka: A<\/p>\n\n\n\n<p>Vaihteisto: Manuaali<\/p>\n\n\n\n<figure class=\"wp-block-image size-medium\"><img loading=\"lazy\" width=\"300\" height=\"225\" src=\"https:\/\/www.jamidrivers.fi\/wp-content\/uploads\/2020\/12\/image-4-300x225.png\" alt=\"\" class=\"wp-image-285\" srcset=\"http:\/\/www.jamidrivers.fi\/wp-content\/uploads\/2020\/12\/image-4-300x225.png 300w, http:\/\/www.jamidrivers.fi\/wp-content\/uploads\/2020\/12\/image-4-1024x768.png 1024w, http:\/\/www.jamidrivers.fi\/wp-content\/uploads\/2020\/12\/image-4-768x576.png 768w, http:\/\/www.jamidrivers.fi\/wp-content\/uploads\/2020\/12\/image-4-1536x1152.png 1536w, http:\/\/www.jamidrivers.fi\/wp-content\/uploads\/2020\/12\/image-4-465x349.png 465w, http:\/\/www.jamidrivers.fi\/wp-content\/uploads\/2020\/12\/image-4-667x500.png 667w, http:\/\/www.jamidrivers.fi\/wp-content\/uploads\/2020\/12\/image-4.png 2048w\" sizes=\"(max-width: 300px) 100vw, 300px\" \/><\/figure>\n\n\n\n<hr class=\"wp-block-separator has-css-opacity is-style-wide\"\/>\n\n\n\n<p><\/p>\n\n\n\n<hr class=\"wp-block-separator has-css-opacity is-style-wide\"\/>\n\n\n\n<p class=\"has-text-align-left has-black-color has-text-color has-background has-small-font-size\" style=\"background-color:#3aff1c\"><strong>KEVYTMOOTTORIPY\u00d6R\u00c4<\/strong><\/p>\n\n\n\n<p>Merkki: Honda<\/p>\n\n\n\n<p>Malli: CBR 125R<\/p>\n\n\n\n<p>Ajokorttiluokka: A1<\/p>\n\n\n\n<p>Vaihteisto: Manuaali<\/p>\n\n\n\n<figure class=\"wp-block-image size-medium\"><img loading=\"lazy\" width=\"300\" height=\"282\" src=\"https:\/\/www.jamidrivers.fi\/wp-content\/uploads\/2020\/12\/image-5-300x282.png\" alt=\"\" class=\"wp-image-291\" srcset=\"http:\/\/www.jamidrivers.fi\/wp-content\/uploads\/2020\/12\/image-5-300x282.png 300w, http:\/\/www.jamidrivers.fi\/wp-content\/uploads\/2020\/12\/image-5-1024x963.png 1024w, http:\/\/www.jamidrivers.fi\/wp-content\/uploads\/2020\/12\/image-5-768x722.png 768w, http:\/\/www.jamidrivers.fi\/wp-content\/uploads\/2020\/12\/image-5-465x437.png 465w, http:\/\/www.jamidrivers.fi\/wp-content\/uploads\/2020\/12\/image-5-532x500.png 532w, http:\/\/www.jamidrivers.fi\/wp-content\/uploads\/2020\/12\/image-5.png 1526w\" sizes=\"(max-width: 300px) 100vw, 300px\" \/><\/figure>\n\n\n\n<p><\/p>\n\n\n\n<hr class=\"wp-block-separator has-css-opacity is-style-wide\"\/>\n\n\n\n<p class=\"has-black-color has-text-color has-background has-small-font-size\" style=\"background-color:#3aff1c\"><strong>MOPO<\/strong><\/p>\n\n\n\n<p>Merkki: Sym<\/p>\n\n\n\n<p>Malli: Skootteri<\/p>\n\n\n\n<p>Ajokorttiluokka: AM120<\/p>\n\n\n\n<p>Vaihteisto: Automaatti<\/p>\n\n\n\n<p><\/p>\n\n\n\n<figure class=\"wp-block-image size-medium\"><img loading=\"lazy\" width=\"284\" height=\"300\" src=\"https:\/\/www.jamidrivers.fi\/wp-content\/uploads\/2020\/12\/image-3-284x300.png\" alt=\"\" class=\"wp-image-276\" srcset=\"http:\/\/www.jamidrivers.fi\/wp-content\/uploads\/2020\/12\/image-3-284x300.png 284w, http:\/\/www.jamidrivers.fi\/wp-content\/uploads\/2020\/12\/image-3-968x1024.png 968w, http:\/\/www.jamidrivers.fi\/wp-content\/uploads\/2020\/12\/image-3-768x812.png 768w, http:\/\/www.jamidrivers.fi\/wp-content\/uploads\/2020\/12\/image-3-465x492.png 465w, http:\/\/www.jamidrivers.fi\/wp-content\/uploads\/2020\/12\/image-3-473x500.png 473w, http:\/\/www.jamidrivers.fi\/wp-content\/uploads\/2020\/12\/image-3.png 1037w\" sizes=\"(max-width: 284px) 100vw, 284px\" \/><\/figure>\n\n\n\n<hr class=\"wp-block-separator has-css-opacity is-style-wide\"\/>\n\n\n<div class=\"wp-block-image is-style-rounded\">\n<figure class=\"aligncenter size-large is-resized\"><img loading=\"lazy\" src=\"http:\/\/www.jamidrivers.fi\/wp-content\/uploads\/2020\/12\/IMG-20201211-WA0088-1024x1024.jpg\" alt=\"\" class=\"wp-image-47\" width=\"259\" height=\"259\" srcset=\"http:\/\/www.jamidrivers.fi\/wp-content\/uploads\/2020\/12\/IMG-20201211-WA0088-1024x1024.jpg 1024w, http:\/\/www.jamidrivers.fi\/wp-content\/uploads\/2020\/12\/IMG-20201211-WA0088-300x300.jpg 300w, http:\/\/www.jamidrivers.fi\/wp-content\/uploads\/2020\/12\/IMG-20201211-WA0088-150x150.jpg 150w, http:\/\/www.jamidrivers.fi\/wp-content\/uploads\/2020\/12\/IMG-20201211-WA0088-768x768.jpg 768w, http:\/\/www.jamidrivers.fi\/wp-content\/uploads\/2020\/12\/IMG-20201211-WA0088.jpg 1080w\" sizes=\"(max-width: 259px) 100vw, 259px\" \/><\/figure><\/div>\n\n\n<p class=\"has-text-align-center\"><strong>Jarmo (Jami) Hyv\u00f6nen: 050-5662002<\/strong><\/p>\n","protected":false},"excerpt":{"rendered":"<p>KALUSTOESITTELY Vw Polo vm.2022 Ajokorttiluokka: B Vaihteisto: Manuaali AJOSIMULAATTORI Merkki: CSE Malli: DRIVE Ajokorttiluokka: B MOOTTORIPY\u00d6R\u00c4 Merkki: Yamaha Malli: Diversion 600 Ajokorttiluokka: A Vaihteisto: Manuaali KEVYTMOOTTORIPY\u00d6R\u00c4 Merkki: Honda Malli: CBR 125R Ajokorttiluokka: A1 Vaihteisto: Manuaali MOPO Merkki: Sym Malli: Skootteri Ajokorttiluokka: AM120 Vaihteisto: Automaatti Jarmo (Jami) Hyv\u00f6nen: 050-5662002<span class=\"more-link\"><a href=\"http:\/\/www.jamidrivers.fi\/?page_id=67\">Continue Reading<\/a><\/span><\/p>\n","protected":false},"author":1,"featured_media":0,"parent":0,"menu_order":0,"comment_status":"closed","ping_status":"closed","template":"","meta":[],"_links":{"self":[{"href":"http:\/\/www.jamidrivers.fi\/index.php?rest_route=\/wp\/v2\/pages\/67"}],"collection":[{"href":"http:\/\/www.jamidrivers.fi\/index.php?rest_route=\/wp\/v2\/pages"}],"about":[{"href":"http:\/\/www.jamidrivers.fi\/index.php?rest_route=\/wp\/v2\/types\/page"}],"author":[{"embeddable":true,"href":"http:\/\/www.jamidrivers.fi\/index.php?rest_route=\/wp\/v2\/users\/1"}],"replies":[{"embeddable":true,"href":"http:\/\/www.jamidrivers.fi\/index.php?rest_route=%2Fwp%2Fv2%2Fcomments&post=67"}],"version-history":[{"count":31,"href":"http:\/\/www.jamidrivers.fi\/index.php?rest_route=\/wp\/v2\/pages\/67\/revisions"}],"predecessor-version":[{"id":679,"href":"http:\/\/www.jamidrivers.fi\/index.php?rest_route=\/wp\/v2\/pages\/67\/revisions\/679"}],"wp:attachment":[{"href":"http:\/\/www.jamidrivers.fi\/index.php?rest_route=%2Fwp%2Fv2%2Fmedia&parent=67"}],"curies":[{"name":"wp","href":"https:\/\/api.w.org\/{rel}","templated":true}]}}