{"id":69,"date":"2020-12-11T17:42:53","date_gmt":"2020-12-11T17:42:53","guid":{"rendered":"http:\/\/www.jamidrivers.fi\/?page_id=69"},"modified":"2024-11-02T19:10:45","modified_gmt":"2024-11-02T19:10:45","slug":"yhteystiedot","status":"publish","type":"page","link":"http:\/\/www.jamidrivers.fi\/?page_id=69","title":{"rendered":"YHTEYSTIEDOT"},"content":{"rendered":"\n<p class=\"has-text-align-center\" style=\"font-size:16px\">Autokoulun teoriatunnit suoritetaan joustavasti et\u00e4n\u00e4. Ajotuntien l\u00e4ht\u00f6paikka sovitaan asiakkaan kanssa erikseen. Tavoitat meid\u00e4t numerosta 0505662002 (klo. 16.00-18.00) tai s\u00e4hk\u00f6postilla autokoulu@jhyvonen.fi<\/p>\n\n\n\n<p class=\"has-text-align-center\"><\/p>\n\n\n\n<p class=\"has-text-align-center\"><\/p>\n\n\n\n<hr class=\"wp-block-separator has-css-opacity is-style-wide\"\/>\n\n\n<div class=\"wp-block-image is-style-rounded\">\n<figure class=\"aligncenter size-large is-resized\"><img loading=\"lazy\" src=\"http:\/\/www.jamidrivers.fi\/wp-content\/uploads\/2020\/12\/IMG-20201211-WA0088-1024x1024.jpg\" alt=\"\" class=\"wp-image-47\" width=\"260\" height=\"260\" srcset=\"http:\/\/www.jamidrivers.fi\/wp-content\/uploads\/2020\/12\/IMG-20201211-WA0088-1024x1024.jpg 1024w, http:\/\/www.jamidrivers.fi\/wp-content\/uploads\/2020\/12\/IMG-20201211-WA0088-300x300.jpg 300w, http:\/\/www.jamidrivers.fi\/wp-content\/uploads\/2020\/12\/IMG-20201211-WA0088-150x150.jpg 150w, http:\/\/www.jamidrivers.fi\/wp-content\/uploads\/2020\/12\/IMG-20201211-WA0088-768x768.jpg 768w, http:\/\/www.jamidrivers.fi\/wp-content\/uploads\/2020\/12\/IMG-20201211-WA0088.jpg 1080w\" sizes=\"(max-width: 260px) 100vw, 260px\" \/><\/figure><\/div>\n\n\n<p class=\"has-text-align-center\"><strong>Jarmo &#8221;Jami&#8221; Hyv\u00f6nen: 050-5662002<\/strong><\/p>\n\n\n\n<p class=\"has-text-align-center\"><strong>0505662002 \/ <a href=\"mailto:autokoulu@jhyvonen.fi\">autokoulu@jhyvonen.fi<\/a><\/strong><\/p>\n\n\n\n<p><\/p>\n","protected":false},"excerpt":{"rendered":"<p>Autokoulun teoriatunnit suoritetaan joustavasti et\u00e4n\u00e4. Ajotuntien l\u00e4ht\u00f6paikka sovitaan asiakkaan kanssa erikseen. Tavoitat meid\u00e4t numerosta 0505662002 (klo. 16.00-18.00) tai s\u00e4hk\u00f6postilla autokoulu@jhyvonen.fi Jarmo &#8221;Jami&#8221; Hyv\u00f6nen: 050-5662002 0505662002 \/ autokoulu@jhyvonen.fi<span class=\"more-link\"><a href=\"http:\/\/www.jamidrivers.fi\/?page_id=69\">Continue Reading<\/a><\/span><\/p>\n","protected":false},"author":1,"featured_media":0,"parent":0,"menu_order":0,"comment_status":"closed","ping_status":"closed","template":"","meta":[],"_links":{"self":[{"href":"http:\/\/www.jamidrivers.fi\/index.php?rest_route=\/wp\/v2\/pages\/69"}],"collection":[{"href":"http:\/\/www.jamidrivers.fi\/index.php?rest_route=\/wp\/v2\/pages"}],"about":[{"href":"http:\/\/www.jamidrivers.fi\/index.php?rest_route=\/wp\/v2\/types\/page"}],"author":[{"embeddable":true,"href":"http:\/\/www.jamidrivers.fi\/index.php?rest_route=\/wp\/v2\/users\/1"}],"replies":[{"embeddable":true,"href":"http:\/\/www.jamidrivers.fi\/index.php?rest_route=%2Fwp%2Fv2%2Fcomments&post=69"}],"version-history":[{"count":19,"href":"http:\/\/www.jamidrivers.fi\/index.php?rest_route=\/wp\/v2\/pages\/69\/revisions"}],"predecessor-version":[{"id":673,"href":"http:\/\/www.jamidrivers.fi\/index.php?rest_route=\/wp\/v2\/pages\/69\/revisions\/673"}],"wp:attachment":[{"href":"http:\/\/www.jamidrivers.fi\/index.php?rest_route=%2Fwp%2Fv2%2Fmedia&parent=69"}],"curies":[{"name":"wp","href":"https:\/\/api.w.org\/{rel}","templated":true}]}}