{"id":697,"date":"2026-04-19T07:45:10","date_gmt":"2026-04-19T07:45:10","guid":{"rendered":"https:\/\/www.jamidrivers.fi\/?page_id=697"},"modified":"2026-04-19T07:47:06","modified_gmt":"2026-04-19T07:47:06","slug":"opetuslupakurssit","status":"publish","type":"page","link":"http:\/\/www.jamidrivers.fi\/?page_id=697","title":{"rendered":"Opetuslupakurssit"},"content":{"rendered":"\n<div class=\"wp-block-group\"><div class=\"wp-block-group__inner-container is-layout-constrained wp-block-group-is-layout-constrained\">\n<h2 class=\"wp-block-heading has-text-align-center has-black-color has-text-color has-background\" style=\"background-color:#27f90f;font-size:21px\">RTK-kurssi + EAS ja oppimisymp\u00e4rist\u00f6<\/h2>\n\n\n\n<p class=\"has-text-align-center has-medium-font-size\">Sis\u00e4lt\u00e4\u00e4 kaiken tarvittavan ajokortin suorittamiseen opetusluvalla.<\/p>\n\n\n\n<p><strong>Riskientunnistamiskoulutus<\/strong><\/p>\n\n\n\n<ul class=\"wp-block-list\">\n<li>2 ajotuntia autolla\n<ul class=\"wp-block-list\">\n<li>Taajama-ajo<\/li>\n\n\n\n<li>Maantieajo<\/li>\n<\/ul>\n<\/li>\n\n\n\n<li>2 ajotuntia simulaattorilla\n<ul class=\"wp-block-list\">\n<li>Liukasajo<\/li>\n\n\n\n<li>Pime\u00e4najo<\/li>\n<\/ul>\n<\/li>\n\n\n\n<li>Riskientunnistamiskoulutuksen 4 verkkoteoriatuntia<\/li>\n<\/ul>\n\n\n\n<p><strong>Lis\u00e4ksi<\/strong><\/p>\n\n\n\n<ul class=\"wp-block-list\">\n<li>EAS-verkkoteoriatunnit (ensimm\u00e4isen ajokortin suorittajan lain vaatima teoriaopinto)<\/li>\n\n\n\n<li>Teoriakoeharjoitteluohjelma<\/li>\n<\/ul>\n\n\n\n<p class=\"has-text-align-center has-medium-font-size\">Hinta: 460 \u20ac <a href=\"https:\/\/kuljettajaopetus.fi\/autokoulujhyvonen\" data-type=\"URL\" data-id=\"https:\/\/kuljettajaopetus.fi\/autokoulujhyvonen\" target=\"_blank\" rel=\"noreferrer noopener\">ILMOITTAUDU<\/a><\/p>\n<\/div><\/div>\n\n\n\n<hr class=\"wp-block-separator has-text-color has-alpha-channel-opacity has-background is-style-wide\" style=\"background-color:#ffffff00;color:#ffffff00\"\/>\n\n\n\n<div class=\"wp-block-group\"><div class=\"wp-block-group__inner-container is-layout-constrained wp-block-group-is-layout-constrained\">\n<h2 class=\"wp-block-heading has-text-align-center has-black-color has-text-color has-background\" style=\"background-color:#27f90f;font-size:21px\">RTK-kurssi<\/h2>\n\n\n\n<p class=\"has-text-align-center has-medium-font-size\">Sis\u00e4lt\u00e4\u00e4 lain vaatiman riskientunnistamiskoulutuksen<\/p>\n\n\n\n<ul class=\"wp-block-list\">\n<li>2 ajotuntia autolla\n<ul class=\"wp-block-list\">\n<li>Maantie<\/li>\n\n\n\n<li>Taajama<\/li>\n<\/ul>\n<\/li>\n\n\n\n<li>2 ajotuntia simulaattorilla\n<ul class=\"wp-block-list\">\n<li>Liukasajo<\/li>\n\n\n\n<li>Pime\u00e4najo<\/li>\n<\/ul>\n<\/li>\n\n\n\n<li>Riskientunnistamiskoulutuksen 4 verkkoteoriatuntia<\/li>\n<\/ul>\n\n\n\n<p class=\"has-text-align-center has-medium-font-size\">Hinta: 385 \u20ac <a href=\"https:\/\/kuljettajaopetus.fi\/autokoulujhyvonen\" data-type=\"URL\" data-id=\"https:\/\/kuljettajaopetus.fi\/autokoulujhyvonen\" target=\"_blank\" rel=\"noreferrer noopener\">ILMOITTAUDU<\/a><\/p>\n<\/div><\/div>\n","protected":false},"excerpt":{"rendered":"<p>RTK-kurssi + EAS ja oppimisymp\u00e4rist\u00f6 Sis\u00e4lt\u00e4\u00e4 kaiken tarvittavan ajokortin suorittamiseen opetusluvalla. Riskientunnistamiskoulutus Lis\u00e4ksi Hinta: 460 \u20ac ILMOITTAUDU RTK-kurssi Sis\u00e4lt\u00e4\u00e4 lain vaatiman riskientunnistamiskoulutuksen Hinta: 385 \u20ac ILMOITTAUDU<span class=\"more-link\"><a href=\"http:\/\/www.jamidrivers.fi\/?page_id=697\">Continue Reading<\/a><\/span><\/p>\n","protected":false},"author":1,"featured_media":0,"parent":0,"menu_order":0,"comment_status":"closed","ping_status":"closed","template":"","meta":{"footnotes":""},"class_list":["entry","author-admin","post-697","page","type-page","status-publish"],"_links":{"self":[{"href":"http:\/\/www.jamidrivers.fi\/index.php?rest_route=\/wp\/v2\/pages\/697","targetHints":{"allow":["GET"]}}],"collection":[{"href":"http:\/\/www.jamidrivers.fi\/index.php?rest_route=\/wp\/v2\/pages"}],"about":[{"href":"http:\/\/www.jamidrivers.fi\/index.php?rest_route=\/wp\/v2\/types\/page"}],"author":[{"embeddable":true,"href":"http:\/\/www.jamidrivers.fi\/index.php?rest_route=\/wp\/v2\/users\/1"}],"replies":[{"embeddable":true,"href":"http:\/\/www.jamidrivers.fi\/index.php?rest_route=%2Fwp%2Fv2%2Fcomments&post=697"}],"version-history":[{"count":2,"href":"http:\/\/www.jamidrivers.fi\/index.php?rest_route=\/wp\/v2\/pages\/697\/revisions"}],"predecessor-version":[{"id":703,"href":"http:\/\/www.jamidrivers.fi\/index.php?rest_route=\/wp\/v2\/pages\/697\/revisions\/703"}],"wp:attachment":[{"href":"http:\/\/www.jamidrivers.fi\/index.php?rest_route=%2Fwp%2Fv2%2Fmedia&parent=697"}],"curies":[{"name":"wp","href":"https:\/\/api.w.org\/{rel}","templated":true}]}}